{"id":18,"date":"2021-12-21T10:16:40","date_gmt":"2021-12-21T10:16:40","guid":{"rendered":"https:\/\/studioxl.pl\/?page_id=18"},"modified":"2022-01-24T10:03:00","modified_gmt":"2022-01-24T10:03:00","slug":"kontakt","status":"publish","type":"page","link":"https:\/\/studioxl.pl\/index.php\/kontakt\/","title":{"rendered":"Kontakt"},"content":{"rendered":"\t\t<div data-elementor-type=\"wp-page\" data-elementor-id=\"18\" class=\"elementor elementor-18\" data-elementor-settings=\"[]\">\n\t\t\t\t\t\t\t<div class=\"elementor-section-wrap\">\n\t\t\t\t\t\t\t<section class=\"elementor-section elementor-top-section elementor-element elementor-element-a7bdd75 elementor-section-boxed elementor-section-height-default elementor-section-height-default wpr-particle-no wpr-jarallax-no wpr-parallax-no wpr-sticky-section-no\" data-id=\"a7bdd75\" data-element_type=\"section\">\n\t\t\t\t\t\t<div class=\"elementor-container elementor-column-gap-default\">\n\t\t\t\t\t<div class=\"elementor-column elementor-col-100 elementor-top-column elementor-element elementor-element-18fe4311\" data-id=\"18fe4311\" data-element_type=\"column\">\n\t\t\t<div class=\"elementor-widget-wrap elementor-element-populated\">\n\t\t\t\t\t\t\t\t<section class=\"elementor-section elementor-inner-section elementor-element elementor-element-c01e6a2 elementor-section-boxed elementor-section-height-default elementor-section-height-default wpr-particle-no wpr-jarallax-no wpr-parallax-no wpr-sticky-section-no\" data-id=\"c01e6a2\" data-element_type=\"section\">\n\t\t\t\t\t\t<div class=\"elementor-container elementor-column-gap-default\">\n\t\t\t\t\t<div class=\"elementor-column elementor-col-50 elementor-inner-column elementor-element elementor-element-66a6cef\" data-id=\"66a6cef\" data-element_type=\"column\">\n\t\t\t<div class=\"elementor-widget-wrap elementor-element-populated\">\n\t\t\t\t\t\t\t\t<div class=\"elementor-element elementor-element-e90af59 elementor-widget elementor-widget-image\" data-id=\"e90af59\" data-element_type=\"widget\" data-widget_type=\"image.default\">\n\t\t\t\t<div class=\"elementor-widget-container\">\n\t\t\t<style>\/*! elementor - v3.5.3 - 28-12-2021 *\/\n.elementor-widget-image{text-align:center}.elementor-widget-image a{display:inline-block}.elementor-widget-image a img[src$=\".svg\"]{width:48px}.elementor-widget-image img{vertical-align:middle;display:inline-block}<\/style>\t\t\t\t\t\t\t\t\t\t\t\t<img decoding=\"async\" loading=\"lazy\" width=\"379\" height=\"94\" src=\"https:\/\/studioxl.pl\/wp-content\/uploads\/2021\/12\/cropped-Logo-1.jpg\" class=\"attachment-large size-large\" alt=\"\" srcset=\"https:\/\/studioxl.pl\/wp-content\/uploads\/2021\/12\/cropped-Logo-1.jpg 379w, https:\/\/studioxl.pl\/wp-content\/uploads\/2021\/12\/cropped-Logo-1-300x74.jpg 300w\" sizes=\"(max-width: 379px) 100vw, 379px\" \/>\t\t\t\t\t\t\t\t\t\t\t\t\t\t\t<\/div>\n\t\t\t\t<\/div>\n\t\t\t\t\t<\/div>\n\t\t<\/div>\n\t\t\t\t<div class=\"elementor-column elementor-col-50 elementor-inner-column elementor-element elementor-element-6801222\" data-id=\"6801222\" data-element_type=\"column\">\n\t\t\t<div class=\"elementor-widget-wrap elementor-element-populated\">\n\t\t\t\t\t\t\t\t<div class=\"elementor-element elementor-element-034c898 elementor-widget elementor-widget-text-editor\" data-id=\"034c898\" data-element_type=\"widget\" data-widget_type=\"text-editor.default\">\n\t\t\t\t<div class=\"elementor-widget-container\">\n\t\t\t<style>\/*! elementor - v3.5.3 - 28-12-2021 *\/\n.elementor-widget-text-editor.elementor-drop-cap-view-stacked .elementor-drop-cap{background-color:#818a91;color:#fff}.elementor-widget-text-editor.elementor-drop-cap-view-framed .elementor-drop-cap{color:#818a91;border:3px solid;background-color:transparent}.elementor-widget-text-editor:not(.elementor-drop-cap-view-default) .elementor-drop-cap{margin-top:8px}.elementor-widget-text-editor:not(.elementor-drop-cap-view-default) .elementor-drop-cap-letter{width:1em;height:1em}.elementor-widget-text-editor .elementor-drop-cap{float:left;text-align:center;line-height:1;font-size:50px}.elementor-widget-text-editor .elementor-drop-cap-letter{display:inline-block}<\/style>\t\t\t\t<p><b>StudioXL zaprasza do kontaktu. Zadzwo\u0144 lub napisz do nas. Odpowiemy na ka\u017cde pytanie dotycz\u0105ce naszej oferty BHP\u00a0i\u00a0RODO.\u00a0<\/b><\/p>\t\t\t\t\t\t<\/div>\n\t\t\t\t<\/div>\n\t\t\t\t<div class=\"elementor-element elementor-element-1760ed8 elementor-icon-list--layout-traditional elementor-list-item-link-full_width elementor-widget elementor-widget-icon-list\" data-id=\"1760ed8\" data-element_type=\"widget\" data-widget_type=\"icon-list.default\">\n\t\t\t\t<div class=\"elementor-widget-container\">\n\t\t\t<style>\/*! elementor - v3.5.3 - 28-12-2021 *\/\n.elementor-widget.elementor-icon-list--layout-inline .elementor-widget-container{overflow:hidden}.elementor-widget .elementor-icon-list-items.elementor-inline-items{margin-right:-8px;margin-left:-8px}.elementor-widget .elementor-icon-list-items.elementor-inline-items .elementor-icon-list-item{margin-right:8px;margin-left:8px}.elementor-widget .elementor-icon-list-items.elementor-inline-items .elementor-icon-list-item:after{width:auto;left:auto;right:auto;position:relative;height:100%;border-top:0;border-bottom:0;border-right:0;border-left-width:1px;border-style:solid;right:-8px}.elementor-widget .elementor-icon-list-items{list-style-type:none;margin:0;padding:0}.elementor-widget .elementor-icon-list-item{margin:0;padding:0;position:relative}.elementor-widget .elementor-icon-list-item:after{position:absolute;bottom:0;width:100%}.elementor-widget .elementor-icon-list-item,.elementor-widget .elementor-icon-list-item a{display:-webkit-box;display:-ms-flexbox;display:flex;-webkit-box-align:center;-ms-flex-align:center;align-items:center;font-size:inherit}.elementor-widget .elementor-icon-list-icon+.elementor-icon-list-text{-ms-flex-item-align:center;align-self:center;padding-left:5px}.elementor-widget .elementor-icon-list-icon{display:-webkit-box;display:-ms-flexbox;display:flex}.elementor-widget .elementor-icon-list-icon svg{width:var(--e-icon-list-icon-size,1em);height:var(--e-icon-list-icon-size,1em)}.elementor-widget .elementor-icon-list-icon i{width:1.25em;font-size:var(--e-icon-list-icon-size)}.elementor-widget.elementor-widget-icon-list .elementor-icon-list-icon{text-align:var(--e-icon-list-icon-align)}.elementor-widget.elementor-widget-icon-list .elementor-icon-list-icon svg{margin:var(--e-icon-list-icon-margin,0 calc(var(--e-icon-list-icon-size, 1em) * .25) 0 0)}.elementor-widget.elementor-list-item-link-full_width a{width:100%}.elementor-widget.elementor-align-center .elementor-icon-list-item,.elementor-widget.elementor-align-center .elementor-icon-list-item a{-webkit-box-pack:center;-ms-flex-pack:center;justify-content:center}.elementor-widget.elementor-align-center .elementor-icon-list-item:after{margin:auto}.elementor-widget.elementor-align-center .elementor-inline-items{-webkit-box-pack:center;-ms-flex-pack:center;justify-content:center}.elementor-widget.elementor-align-left .elementor-icon-list-item,.elementor-widget.elementor-align-left .elementor-icon-list-item a{-webkit-box-pack:start;-ms-flex-pack:start;justify-content:flex-start;text-align:left}.elementor-widget.elementor-align-left .elementor-inline-items{-webkit-box-pack:start;-ms-flex-pack:start;justify-content:flex-start}.elementor-widget.elementor-align-right .elementor-icon-list-item,.elementor-widget.elementor-align-right .elementor-icon-list-item a{-webkit-box-pack:end;-ms-flex-pack:end;justify-content:flex-end;text-align:right}.elementor-widget.elementor-align-right .elementor-icon-list-items{-webkit-box-pack:end;-ms-flex-pack:end;justify-content:flex-end}.elementor-widget:not(.elementor-align-right) .elementor-icon-list-item:after{left:0}.elementor-widget:not(.elementor-align-left) .elementor-icon-list-item:after{right:0}@media (max-width:1024px){.elementor-widget.elementor-tablet-align-center .elementor-icon-list-item,.elementor-widget.elementor-tablet-align-center .elementor-icon-list-item a,.elementor-widget.elementor-tablet-align-center .elementor-icon-list-items{-webkit-box-pack:center;-ms-flex-pack:center;justify-content:center}.elementor-widget.elementor-tablet-align-center .elementor-icon-list-item:after{margin:auto}.elementor-widget.elementor-tablet-align-left .elementor-icon-list-items{-webkit-box-pack:start;-ms-flex-pack:start;justify-content:flex-start}.elementor-widget.elementor-tablet-align-left .elementor-icon-list-item,.elementor-widget.elementor-tablet-align-left .elementor-icon-list-item a{-webkit-box-pack:start;-ms-flex-pack:start;justify-content:flex-start;text-align:left}.elementor-widget.elementor-tablet-align-right .elementor-icon-list-items{-webkit-box-pack:end;-ms-flex-pack:end;justify-content:flex-end}.elementor-widget.elementor-tablet-align-right .elementor-icon-list-item,.elementor-widget.elementor-tablet-align-right .elementor-icon-list-item a{-webkit-box-pack:end;-ms-flex-pack:end;justify-content:flex-end;text-align:right}.elementor-widget:not(.elementor-tablet-align-right) .elementor-icon-list-item:after{left:0}.elementor-widget:not(.elementor-tablet-align-left) .elementor-icon-list-item:after{right:0}}@media (max-width:767px){.elementor-widget.elementor-mobile-align-center .elementor-icon-list-item,.elementor-widget.elementor-mobile-align-center .elementor-icon-list-item a,.elementor-widget.elementor-mobile-align-center .elementor-icon-list-items{-webkit-box-pack:center;-ms-flex-pack:center;justify-content:center}.elementor-widget.elementor-mobile-align-center .elementor-icon-list-item:after{margin:auto}.elementor-widget.elementor-mobile-align-left .elementor-icon-list-items{-webkit-box-pack:start;-ms-flex-pack:start;justify-content:flex-start}.elementor-widget.elementor-mobile-align-left .elementor-icon-list-item,.elementor-widget.elementor-mobile-align-left .elementor-icon-list-item a{-webkit-box-pack:start;-ms-flex-pack:start;justify-content:flex-start;text-align:left}.elementor-widget.elementor-mobile-align-right .elementor-icon-list-items{-webkit-box-pack:end;-ms-flex-pack:end;justify-content:flex-end}.elementor-widget.elementor-mobile-align-right .elementor-icon-list-item,.elementor-widget.elementor-mobile-align-right .elementor-icon-list-item a{-webkit-box-pack:end;-ms-flex-pack:end;justify-content:flex-end;text-align:right}.elementor-widget:not(.elementor-mobile-align-right) .elementor-icon-list-item:after{left:0}.elementor-widget:not(.elementor-mobile-align-left) .elementor-icon-list-item:after{right:0}}<\/style>\t\t<ul class=\"elementor-icon-list-items\">\n\t\t\t\t\t\t\t<li class=\"elementor-icon-list-item\">\n\t\t\t\t\t\t\t\t\t\t\t<span class=\"elementor-icon-list-icon\">\n\t\t\t\t\t\t\t<i aria-hidden=\"true\" class=\"fas fa-map-marker-alt\"><\/i>\t\t\t\t\t\t<\/span>\n\t\t\t\t\t\t\t\t\t\t<span class=\"elementor-icon-list-text\">Watyka\u0144ska 3, 99-400 \u0141owicz<\/span>\n\t\t\t\t\t\t\t\t\t<\/li>\n\t\t\t\t\t\t\t\t<li class=\"elementor-icon-list-item\">\n\t\t\t\t\t\t\t\t\t\t\t<span class=\"elementor-icon-list-icon\">\n\t\t\t\t\t\t\t<i aria-hidden=\"true\" class=\"fas fa-phone-alt\"><\/i>\t\t\t\t\t\t<\/span>\n\t\t\t\t\t\t\t\t\t\t<span class=\"elementor-icon-list-text\">669 046 702<\/span>\n\t\t\t\t\t\t\t\t\t<\/li>\n\t\t\t\t\t\t\t\t<li class=\"elementor-icon-list-item\">\n\t\t\t\t\t\t\t\t\t\t\t<span class=\"elementor-icon-list-icon\">\n\t\t\t\t\t\t\t<i aria-hidden=\"true\" class=\"fas fa-envelope\"><\/i>\t\t\t\t\t\t<\/span>\n\t\t\t\t\t\t\t\t\t\t<span class=\"elementor-icon-list-text\">biuro@studioxl.pl<\/span>\n\t\t\t\t\t\t\t\t\t<\/li>\n\t\t\t\t\t\t<\/ul>\n\t\t\t\t<\/div>\n\t\t\t\t<\/div>\n\t\t\t\t\t<\/div>\n\t\t<\/div>\n\t\t\t\t\t\t\t<\/div>\n\t\t<\/section>\n\t\t\t\t<section class=\"elementor-section elementor-inner-section elementor-element elementor-element-ee6c65b elementor-section-boxed elementor-section-height-default elementor-section-height-default wpr-particle-no wpr-jarallax-no wpr-parallax-no wpr-sticky-section-no\" data-id=\"ee6c65b\" data-element_type=\"section\">\n\t\t\t\t\t\t<div class=\"elementor-container elementor-column-gap-default\">\n\t\t\t\t\t<div class=\"elementor-column elementor-col-100 elementor-inner-column elementor-element elementor-element-8f4cfcb\" data-id=\"8f4cfcb\" data-element_type=\"column\">\n\t\t\t<div class=\"elementor-widget-wrap\">\n\t\t\t\t\t\t\t\t\t<\/div>\n\t\t<\/div>\n\t\t\t\t\t\t\t<\/div>\n\t\t<\/section>\n\t\t\t\t<div class=\"elementor-element elementor-element-268cb76 elementor-widget elementor-widget-google_maps\" data-id=\"268cb76\" data-element_type=\"widget\" data-widget_type=\"google_maps.default\">\n\t\t\t\t<div class=\"elementor-widget-container\">\n\t\t\t<style>\/*! elementor - v3.5.3 - 28-12-2021 *\/\n.elementor-widget-google_maps .elementor-widget-container{overflow:hidden}.elementor-widget-google_maps iframe{height:300px}<\/style>\t\t<div class=\"elementor-custom-embed\">\n\t\t\t<iframe frameborder=\"0\" scrolling=\"no\" marginheight=\"0\" marginwidth=\"0\"\n\t\t\t\t\tsrc=\"https:\/\/maps.google.com\/maps?q=watyka%C5%84ska%203%20%C5%82owicz&#038;t=m&#038;z=15&#038;output=embed&#038;iwloc=near\"\n\t\t\t\t\ttitle=\"watyka\u0144ska 3 \u0142owicz\"\n\t\t\t\t\taria-label=\"watyka\u0144ska 3 \u0142owicz\"\n\t\t\t><\/iframe>\n\t\t<\/div>\n\t\t\t\t<\/div>\n\t\t\t\t<\/div>\n\t\t\t\t\t<\/div>\n\t\t<\/div>\n\t\t\t\t\t\t\t<\/div>\n\t\t<\/section>\n\t\t\t\t\t\t<\/div>\n\t\t\t\t\t<\/div>\n\t\t","protected":false},"excerpt":{"rendered":"<p>StudioXL zaprasza do kontaktu. Zadzwo\u0144 lub napisz do nas. Odpowiemy na ka\u017cde pytanie dotycz\u0105ce naszej oferty BHP\u00a0i\u00a0RODO.\u00a0 Watyka\u0144ska 3, 99-400 \u0141owicz 669 046 702 biuro@studioxl.pl<\/p>\n","protected":false},"author":1,"featured_media":0,"parent":0,"menu_order":0,"comment_status":"closed","ping_status":"closed","template":"","meta":{"footnotes":""},"acf":[],"_links":{"self":[{"href":"https:\/\/studioxl.pl\/index.php\/wp-json\/wp\/v2\/pages\/18"}],"collection":[{"href":"https:\/\/studioxl.pl\/index.php\/wp-json\/wp\/v2\/pages"}],"about":[{"href":"https:\/\/studioxl.pl\/index.php\/wp-json\/wp\/v2\/types\/page"}],"author":[{"embeddable":true,"href":"https:\/\/studioxl.pl\/index.php\/wp-json\/wp\/v2\/users\/1"}],"replies":[{"embeddable":true,"href":"https:\/\/studioxl.pl\/index.php\/wp-json\/wp\/v2\/comments?post=18"}],"version-history":[{"count":40,"href":"https:\/\/studioxl.pl\/index.php\/wp-json\/wp\/v2\/pages\/18\/revisions"}],"predecessor-version":[{"id":936,"href":"https:\/\/studioxl.pl\/index.php\/wp-json\/wp\/v2\/pages\/18\/revisions\/936"}],"wp:attachment":[{"href":"https:\/\/studioxl.pl\/index.php\/wp-json\/wp\/v2\/media?parent=18"}],"curies":[{"name":"wp","href":"https:\/\/api.w.org\/{rel}","templated":true}]}}