{"id":7,"date":"2021-12-21T10:12:53","date_gmt":"2021-12-21T10:12:53","guid":{"rendered":"https:\/\/studioxl.pl\/?page_id=7"},"modified":"2023-03-06T21:16:13","modified_gmt":"2023-03-06T21:16:13","slug":"o-nas","status":"publish","type":"page","link":"https:\/\/studioxl.pl\/index.php\/o-nas\/","title":{"rendered":"O nas"},"content":{"rendered":"\t\t<div data-elementor-type=\"wp-page\" data-elementor-id=\"7\" class=\"elementor elementor-7\" data-elementor-settings=\"[]\">\n\t\t\t\t\t\t\t<div class=\"elementor-section-wrap\">\n\t\t\t\t\t\t\t<section class=\"elementor-section elementor-top-section elementor-element elementor-element-262ffb65 elementor-section-boxed elementor-section-height-default elementor-section-height-default wpr-particle-no wpr-jarallax-no wpr-parallax-no wpr-sticky-section-no\" data-id=\"262ffb65\" data-element_type=\"section\">\n\t\t\t\t\t\t<div class=\"elementor-container elementor-column-gap-default\">\n\t\t\t\t\t<div class=\"elementor-column elementor-col-100 elementor-top-column elementor-element elementor-element-1974cf82\" data-id=\"1974cf82\" data-element_type=\"column\">\n\t\t\t<div class=\"elementor-widget-wrap\">\n\t\t\t\t\t\t\t\t\t<\/div>\n\t\t<\/div>\n\t\t\t\t\t\t\t<\/div>\n\t\t<\/section>\n\t\t\t\t<section class=\"elementor-section elementor-inner-section elementor-element elementor-element-24ab64af elementor-section-boxed elementor-section-height-default elementor-section-height-default wpr-particle-no wpr-jarallax-no wpr-parallax-no wpr-sticky-section-no\" data-id=\"24ab64af\" data-element_type=\"section\">\n\t\t\t\t\t\t<div class=\"elementor-container elementor-column-gap-default\">\n\t\t\t\t\t<div class=\"elementor-column elementor-col-50 elementor-inner-column elementor-element elementor-element-2c2c5f9e\" data-id=\"2c2c5f9e\" data-element_type=\"column\">\n\t\t\t<div class=\"elementor-widget-wrap elementor-element-populated\">\n\t\t\t\t\t\t\t\t<div class=\"elementor-element elementor-element-5863285b elementor-invisible elementor-widget elementor-widget-image\" data-id=\"5863285b\" data-element_type=\"widget\" data-settings=\"{&quot;_animation&quot;:&quot;fadeInLeft&quot;}\" data-widget_type=\"image.default\">\n\t\t\t\t<div class=\"elementor-widget-container\">\n\t\t\t<style>\/*! elementor - v3.5.3 - 28-12-2021 *\/\n.elementor-widget-image{text-align:center}.elementor-widget-image a{display:inline-block}.elementor-widget-image a img[src$=\".svg\"]{width:48px}.elementor-widget-image img{vertical-align:middle;display:inline-block}<\/style>\t\t\t\t\t\t\t\t\t\t\t\t<img decoding=\"async\" loading=\"lazy\" width=\"660\" height=\"820\" src=\"https:\/\/studioxl.pl\/wp-content\/uploads\/2022\/02\/Adam-Kalinowski-Lowicz-BHP-Szkolenia-RODO-1.jpg\" class=\"attachment-large size-large\" alt=\"\" srcset=\"https:\/\/studioxl.pl\/wp-content\/uploads\/2022\/02\/Adam-Kalinowski-Lowicz-BHP-Szkolenia-RODO-1.jpg 660w, https:\/\/studioxl.pl\/wp-content\/uploads\/2022\/02\/Adam-Kalinowski-Lowicz-BHP-Szkolenia-RODO-1-241x300.jpg 241w\" sizes=\"(max-width: 660px) 100vw, 660px\" \/>\t\t\t\t\t\t\t\t\t\t\t\t\t\t\t<\/div>\n\t\t\t\t<\/div>\n\t\t\t\t\t<\/div>\n\t\t<\/div>\n\t\t\t\t<div class=\"elementor-column elementor-col-50 elementor-inner-column elementor-element elementor-element-5a1a8947\" data-id=\"5a1a8947\" data-element_type=\"column\">\n\t\t\t<div class=\"elementor-widget-wrap elementor-element-populated\">\n\t\t\t\t\t\t\t\t<div class=\"elementor-element elementor-element-780909d5 elementor-invisible elementor-widget elementor-widget-heading\" data-id=\"780909d5\" data-element_type=\"widget\" data-settings=\"{&quot;_animation&quot;:&quot;fadeInLeft&quot;}\" data-widget_type=\"heading.default\">\n\t\t\t\t<div class=\"elementor-widget-container\">\n\t\t\t<style>\/*! elementor - v3.5.3 - 28-12-2021 *\/\n.elementor-heading-title{padding:0;margin:0;line-height:1}.elementor-widget-heading .elementor-heading-title[class*=elementor-size-]>a{color:inherit;font-size:inherit;line-height:inherit}.elementor-widget-heading .elementor-heading-title.elementor-size-small{font-size:15px}.elementor-widget-heading .elementor-heading-title.elementor-size-medium{font-size:19px}.elementor-widget-heading .elementor-heading-title.elementor-size-large{font-size:29px}.elementor-widget-heading .elementor-heading-title.elementor-size-xl{font-size:39px}.elementor-widget-heading .elementor-heading-title.elementor-size-xxl{font-size:59px}<\/style><p class=\"elementor-heading-title elementor-size-large\">Adam Kalinowski<\/p>\t\t<\/div>\n\t\t\t\t<\/div>\n\t\t\t\t<div class=\"elementor-element elementor-element-798ed637 elementor-invisible elementor-widget elementor-widget-text-editor\" data-id=\"798ed637\" data-element_type=\"widget\" data-settings=\"{&quot;_animation&quot;:&quot;fadeInLeft&quot;}\" data-widget_type=\"text-editor.default\">\n\t\t\t\t<div class=\"elementor-widget-container\">\n\t\t\t<style>\/*! elementor - v3.5.3 - 28-12-2021 *\/\n.elementor-widget-text-editor.elementor-drop-cap-view-stacked .elementor-drop-cap{background-color:#818a91;color:#fff}.elementor-widget-text-editor.elementor-drop-cap-view-framed .elementor-drop-cap{color:#818a91;border:3px solid;background-color:transparent}.elementor-widget-text-editor:not(.elementor-drop-cap-view-default) .elementor-drop-cap{margin-top:8px}.elementor-widget-text-editor:not(.elementor-drop-cap-view-default) .elementor-drop-cap-letter{width:1em;height:1em}.elementor-widget-text-editor .elementor-drop-cap{float:left;text-align:center;line-height:1;font-size:50px}.elementor-widget-text-editor .elementor-drop-cap-letter{display:inline-block}<\/style>\t\t\t\t<p><b>magister <\/b><b>z przygotowaniem pedagogicznym, wyk\u0142adowca, praktyk z kilkunastoletnim do\u015bwiadczeniem w pracy zawodowej<br \/><\/b><span style=\"font-size: 18px; letter-spacing: 0px; color: var( --e-global-color-text );\"><b><br \/><\/b>G\u0142\u00f3wny specjalista ds. bezpiecze\u0144stwa i higieny pracy \u2013 absolwent Wy\u017cszej In\u017cynierskiej Szko\u0142y Bezpiecze\u0144stwa i Organizacji Pracy w Radomiu.<\/span><\/p><p>Inspektor ochrony przeciwpo\u017carowej \u2013 absolwent O\u015brodka Szkolenia Komendy Wojew\u00f3dzkiej Pa\u0144stwowej Stra\u017cy Po\u017carnej w Warszawie.<\/p><p>Inspektor ochrony danych \u2013 absolwent Wydzia\u0142u Prawa i Administracji Uniwersytetu \u0141\u00f3dzkiego w\u00a0zakresie ochrona danych osobowych.<\/p>\t\t\t\t\t\t<\/div>\n\t\t\t\t<\/div>\n\t\t\t\t\t<\/div>\n\t\t<\/div>\n\t\t\t\t\t\t\t<\/div>\n\t\t<\/section>\n\t\t\t\t<section class=\"elementor-section elementor-top-section elementor-element elementor-element-773bae5 elementor-section-boxed elementor-section-height-default elementor-section-height-default wpr-particle-no wpr-jarallax-no wpr-parallax-no wpr-sticky-section-no\" data-id=\"773bae5\" data-element_type=\"section\">\n\t\t\t\t\t\t<div class=\"elementor-container elementor-column-gap-default\">\n\t\t\t\t\t<div class=\"elementor-column elementor-col-100 elementor-top-column elementor-element elementor-element-9df4da1\" data-id=\"9df4da1\" data-element_type=\"column\">\n\t\t\t<div class=\"elementor-widget-wrap elementor-element-populated\">\n\t\t\t\t\t\t\t\t<div class=\"elementor-element elementor-element-0ef76fc elementor-widget-divider--view-line elementor-widget elementor-widget-divider\" data-id=\"0ef76fc\" data-element_type=\"widget\" data-widget_type=\"divider.default\">\n\t\t\t\t<div class=\"elementor-widget-container\">\n\t\t\t<style>\/*! elementor - v3.5.3 - 28-12-2021 *\/\n.elementor-widget-divider{--divider-border-style:none;--divider-border-width:1px;--divider-color:#2c2c2c;--divider-icon-size:20px;--divider-element-spacing:10px;--divider-pattern-height:24px;--divider-pattern-size:20px;--divider-pattern-url:none;--divider-pattern-repeat:repeat-x}.elementor-widget-divider .elementor-divider{display:-webkit-box;display:-ms-flexbox;display:flex}.elementor-widget-divider .elementor-divider__text{font-size:15px;line-height:1;max-width:95%}.elementor-widget-divider .elementor-divider__element{margin:0 var(--divider-element-spacing);-ms-flex-negative:0;flex-shrink:0}.elementor-widget-divider .elementor-icon{font-size:var(--divider-icon-size)}.elementor-widget-divider .elementor-divider-separator{display:-webkit-box;display:-ms-flexbox;display:flex;margin:0;direction:ltr}.elementor-widget-divider--view-line_icon .elementor-divider-separator,.elementor-widget-divider--view-line_text .elementor-divider-separator{-webkit-box-align:center;-ms-flex-align:center;align-items:center}.elementor-widget-divider--view-line_icon .elementor-divider-separator:after,.elementor-widget-divider--view-line_icon .elementor-divider-separator:before,.elementor-widget-divider--view-line_text .elementor-divider-separator:after,.elementor-widget-divider--view-line_text .elementor-divider-separator:before{display:block;content:\"\";border-bottom:0;-webkit-box-flex:1;-ms-flex-positive:1;flex-grow:1;border-top:var(--divider-border-width) var(--divider-border-style) var(--divider-color)}.elementor-widget-divider--element-align-left .elementor-divider .elementor-divider-separator>.elementor-divider__svg:first-of-type{-webkit-box-flex:0;-ms-flex-positive:0;flex-grow:0;-ms-flex-negative:100;flex-shrink:100}.elementor-widget-divider--element-align-left .elementor-divider-separator:before{content:none}.elementor-widget-divider--element-align-left .elementor-divider__element{margin-left:0}.elementor-widget-divider--element-align-right .elementor-divider .elementor-divider-separator>.elementor-divider__svg:last-of-type{-webkit-box-flex:0;-ms-flex-positive:0;flex-grow:0;-ms-flex-negative:100;flex-shrink:100}.elementor-widget-divider--element-align-right .elementor-divider-separator:after{content:none}.elementor-widget-divider--element-align-right .elementor-divider__element{margin-right:0}.elementor-widget-divider:not(.elementor-widget-divider--view-line_text):not(.elementor-widget-divider--view-line_icon) .elementor-divider-separator{border-top:var(--divider-border-width) var(--divider-border-style) var(--divider-color)}.elementor-widget-divider--separator-type-pattern{--divider-border-style:none}.elementor-widget-divider--separator-type-pattern.elementor-widget-divider--view-line .elementor-divider-separator,.elementor-widget-divider--separator-type-pattern:not(.elementor-widget-divider--view-line) .elementor-divider-separator:after,.elementor-widget-divider--separator-type-pattern:not(.elementor-widget-divider--view-line) .elementor-divider-separator:before,.elementor-widget-divider--separator-type-pattern:not([class*=elementor-widget-divider--view]) .elementor-divider-separator{width:100%;min-height:var(--divider-pattern-height);-webkit-mask-size:var(--divider-pattern-size) 100%;mask-size:var(--divider-pattern-size) 100%;-webkit-mask-repeat:var(--divider-pattern-repeat);mask-repeat:var(--divider-pattern-repeat);background-color:var(--divider-color);-webkit-mask-image:var(--divider-pattern-url);mask-image:var(--divider-pattern-url)}.elementor-widget-divider--no-spacing{--divider-pattern-size:auto}.elementor-widget-divider--bg-round{--divider-pattern-repeat:round}.rtl .elementor-widget-divider .elementor-divider__text{direction:rtl}<\/style>\t\t<div class=\"elementor-divider\">\n\t\t\t<span class=\"elementor-divider-separator\">\n\t\t\t\t\t\t<\/span>\n\t\t<\/div>\n\t\t\t\t<\/div>\n\t\t\t\t<\/div>\n\t\t\t\t\t<\/div>\n\t\t<\/div>\n\t\t\t\t\t\t\t<\/div>\n\t\t<\/section>\n\t\t\t\t<section class=\"elementor-section elementor-inner-section elementor-element elementor-element-14ccd54e elementor-section-boxed elementor-section-height-default elementor-section-height-default wpr-particle-no wpr-jarallax-no wpr-parallax-no wpr-sticky-section-no\" data-id=\"14ccd54e\" data-element_type=\"section\">\n\t\t\t\t\t\t<div class=\"elementor-container elementor-column-gap-default\">\n\t\t\t\t\t<div class=\"elementor-column elementor-col-50 elementor-inner-column elementor-element elementor-element-1a37f455\" data-id=\"1a37f455\" data-element_type=\"column\">\n\t\t\t<div class=\"elementor-widget-wrap elementor-element-populated\">\n\t\t\t\t\t\t\t\t<div class=\"elementor-element elementor-element-573b4948 elementor-invisible elementor-widget elementor-widget-heading\" data-id=\"573b4948\" data-element_type=\"widget\" data-settings=\"{&quot;_animation&quot;:&quot;fadeInLeft&quot;}\" data-widget_type=\"heading.default\">\n\t\t\t\t<div class=\"elementor-widget-container\">\n\t\t\t<p class=\"elementor-heading-title elementor-size-large\">Agnieszka Paw\u0142owska-Kalinowska<\/p>\t\t<\/div>\n\t\t\t\t<\/div>\n\t\t\t\t<div class=\"elementor-element elementor-element-a6c5487 elementor-invisible elementor-widget elementor-widget-text-editor\" data-id=\"a6c5487\" data-element_type=\"widget\" data-settings=\"{&quot;_animation&quot;:&quot;fadeInLeft&quot;}\" data-widget_type=\"text-editor.default\">\n\t\t\t\t<div class=\"elementor-widget-container\">\n\t\t\t\t\t\t\t<p><b>magister z przygotowaniem pedagogicznym, od 20 lat pracownik sektora o\u015bwiaty<br \/><\/b><span style=\"font-size: 18px; letter-spacing: 0px; color: var( --e-global-color-text );\"><b><br \/><\/b>Od 2010 r. specjalizuje si\u0119 w prawie o\u015bwiatowym &#8211; absolwentka Akademii Ekonomiczno-Humanistycznej w \u0141odzi w zakresie: Organizacja i zarz\u0105dzanie o\u015bwiat\u0105.<\/span><\/p><p><span style=\"font-size: 18px; letter-spacing: 0px; color: var( --e-global-color-text );\">Od 2019 r. zajmuje si\u0119 ochron\u0105 danych osobowych &#8211; absolwentka <\/span>Wydzia\u0142u Prawa i Administracji Uniwersytetu \u0141\u00f3dzkiego w zakresie ochrona danych osobowych.<\/p><p><span style=\"font-size: 18px; letter-spacing: 0px; color: var( --e-global-color-text );\">Od 2020 r. wsp\u00f3\u0142pracuje z Urz\u0119dem Ochrony Danych Osobowych w zakresie realizacji projektu \u201eTwoje Dane \u2013 Twoja Sprawa\u201d. A<\/span>utorka wielu polityk ochrony danych osobowych.<\/p><p>Inicjatorka, wsp\u00f3\u0142autorka i koordynator wielu projekt\u00f3w edukacyjnych dla m\u0142odzie\u017cy z dziedziny historii i nauk spo\u0142ecznych, m.in. projektu Erasmus+ &#8222;Nasze dane, nasza odpowiedzialno\u015b\u0107&#8221;.\u00a0<\/p>\t\t\t\t\t\t<\/div>\n\t\t\t\t<\/div>\n\t\t\t\t\t<\/div>\n\t\t<\/div>\n\t\t\t\t<div class=\"elementor-column elementor-col-50 elementor-inner-column elementor-element elementor-element-21f04790\" data-id=\"21f04790\" data-element_type=\"column\">\n\t\t\t<div class=\"elementor-widget-wrap elementor-element-populated\">\n\t\t\t\t\t\t\t\t<div class=\"elementor-element elementor-element-66be5cfa elementor-invisible elementor-widget elementor-widget-image\" data-id=\"66be5cfa\" data-element_type=\"widget\" data-settings=\"{&quot;_animation&quot;:&quot;fadeInLeft&quot;}\" data-widget_type=\"image.default\">\n\t\t\t\t<div class=\"elementor-widget-container\">\n\t\t\t\t\t\t\t\t\t\t\t\t\t\t\t<img decoding=\"async\" loading=\"lazy\" width=\"660\" height=\"820\" src=\"https:\/\/studioxl.pl\/wp-content\/uploads\/2022\/02\/Agnieszka-Pawlowska-Kalinowska-Lowicz-BHP-RODO.jpg\" class=\"attachment-large size-large\" alt=\"\" srcset=\"https:\/\/studioxl.pl\/wp-content\/uploads\/2022\/02\/Agnieszka-Pawlowska-Kalinowska-Lowicz-BHP-RODO.jpg 660w, https:\/\/studioxl.pl\/wp-content\/uploads\/2022\/02\/Agnieszka-Pawlowska-Kalinowska-Lowicz-BHP-RODO-241x300.jpg 241w\" sizes=\"(max-width: 660px) 100vw, 660px\" \/>\t\t\t\t\t\t\t\t\t\t\t\t\t\t\t<\/div>\n\t\t\t\t<\/div>\n\t\t\t\t\t<\/div>\n\t\t<\/div>\n\t\t\t\t\t\t\t<\/div>\n\t\t<\/section>\n\t\t\t\t<section class=\"elementor-section elementor-top-section elementor-element elementor-element-113bade elementor-section-boxed elementor-section-height-default elementor-section-height-default wpr-particle-no wpr-jarallax-no wpr-parallax-no wpr-sticky-section-no\" data-id=\"113bade\" data-element_type=\"section\">\n\t\t\t\t\t\t<div class=\"elementor-container elementor-column-gap-default\">\n\t\t\t\t\t<div class=\"elementor-column elementor-col-100 elementor-top-column elementor-element elementor-element-3bd7ab9\" data-id=\"3bd7ab9\" data-element_type=\"column\">\n\t\t\t<div class=\"elementor-widget-wrap\">\n\t\t\t\t\t\t\t\t\t<\/div>\n\t\t<\/div>\n\t\t\t\t\t\t\t<\/div>\n\t\t<\/section>\n\t\t\t\t\t\t<\/div>\n\t\t\t\t\t<\/div>\n\t\t","protected":false},"excerpt":{"rendered":"<p>Adam Kalinowski magister z przygotowaniem pedagogicznym, wyk\u0142adowca, praktyk z kilkunastoletnim do\u015bwiadczeniem w pracy zawodowejG\u0142\u00f3wny specjalista ds. bezpiecze\u0144stwa i higieny pracy \u2013 absolwent Wy\u017cszej In\u017cynierskiej Szko\u0142y Bezpiecze\u0144stwa i Organizacji Pracy w Radomiu. Inspektor ochrony przeciwpo\u017carowej \u2013 absolwent O\u015brodka Szkolenia Komendy Wojew\u00f3dzkiej Pa\u0144stwowej Stra\u017cy Po\u017carnej w Warszawie. Inspektor ochrony danych \u2013 absolwent Wydzia\u0142u Prawa i Administracji Uniwersytetu \u0141\u00f3dzkiego w\u00a0zakresie ochrona danych osobowych. Agnieszka Paw\u0142owska-Kalinowska magister z przygotowaniem pedagogicznym, od 20 lat pracownik sektora o\u015bwiatyOd 2010 r. specjalizuje si\u0119 w prawie o\u015bwiatowym &#8211; absolwentka Akademii Ekonomiczno-Humanistycznej w \u0141odzi w zakresie: Organizacja i zarz\u0105dzanie o\u015bwiat\u0105. Od 2019 r. zajmuje si\u0119 ochron\u0105 danych osobowych &#8211; absolwentka Wydzia\u0142u Prawa i Administracji Uniwersytetu \u0141\u00f3dzkiego w zakresie ochrona danych osobowych. Od 2020 r. wsp\u00f3\u0142pracuje z Urz\u0119dem Ochrony Danych Osobowych w zakresie realizacji projektu \u201eTwoje Dane \u2013 Twoja Sprawa\u201d. Autorka wielu polityk ochrony danych osobowych. Inicjatorka, wsp\u00f3\u0142autorka i koordynator wielu projekt\u00f3w edukacyjnych dla m\u0142odzie\u017cy z dziedziny historii i nauk spo\u0142ecznych, m.in. projektu Erasmus+ &#8222;Nasze dane, nasza odpowiedzialno\u015b\u0107&#8221;.\u00a0<\/p>\n","protected":false},"author":1,"featured_media":0,"parent":0,"menu_order":0,"comment_status":"closed","ping_status":"closed","template":"","meta":{"footnotes":""},"acf":[],"_links":{"self":[{"href":"https:\/\/studioxl.pl\/index.php\/wp-json\/wp\/v2\/pages\/7"}],"collection":[{"href":"https:\/\/studioxl.pl\/index.php\/wp-json\/wp\/v2\/pages"}],"about":[{"href":"https:\/\/studioxl.pl\/index.php\/wp-json\/wp\/v2\/types\/page"}],"author":[{"embeddable":true,"href":"https:\/\/studioxl.pl\/index.php\/wp-json\/wp\/v2\/users\/1"}],"replies":[{"embeddable":true,"href":"https:\/\/studioxl.pl\/index.php\/wp-json\/wp\/v2\/comments?post=7"}],"version-history":[{"count":107,"href":"https:\/\/studioxl.pl\/index.php\/wp-json\/wp\/v2\/pages\/7\/revisions"}],"predecessor-version":[{"id":1463,"href":"https:\/\/studioxl.pl\/index.php\/wp-json\/wp\/v2\/pages\/7\/revisions\/1463"}],"wp:attachment":[{"href":"https:\/\/studioxl.pl\/index.php\/wp-json\/wp\/v2\/media?parent=7"}],"curies":[{"name":"wp","href":"https:\/\/api.w.org\/{rel}","templated":true}]}}