{"id":773,"date":"2022-01-22T19:23:56","date_gmt":"2022-01-22T19:23:56","guid":{"rendered":"https:\/\/studioxl.pl\/?page_id=773"},"modified":"2022-04-07T20:52:12","modified_gmt":"2022-04-07T20:52:12","slug":"szkolenie-b1","status":"publish","type":"page","link":"https:\/\/studioxl.pl\/index.php\/szkolenie-b1\/","title":{"rendered":"Szkolenie B1"},"content":{"rendered":"\t\t<div data-elementor-type=\"wp-page\" data-elementor-id=\"773\" class=\"elementor elementor-773\" data-elementor-settings=\"[]\">\n\t\t\t\t\t\t\t<div class=\"elementor-section-wrap\">\n\t\t\t\t\t\t\t<section class=\"elementor-section elementor-top-section elementor-element elementor-element-2b7693b elementor-section-boxed elementor-section-height-default elementor-section-height-default wpr-particle-no wpr-jarallax-no wpr-parallax-no wpr-sticky-section-no\" data-id=\"2b7693b\" data-element_type=\"section\">\n\t\t\t\t\t\t<div class=\"elementor-container elementor-column-gap-default\">\n\t\t\t\t\t<div class=\"elementor-column elementor-col-100 elementor-top-column elementor-element elementor-element-b7bb9e5\" data-id=\"b7bb9e5\" data-element_type=\"column\" data-settings=\"{&quot;background_background&quot;:&quot;classic&quot;}\">\n\t\t\t<div class=\"elementor-widget-wrap elementor-element-populated\">\n\t\t\t\t\t\t\t\t<div class=\"elementor-element elementor-element-8dab9fa elementor-widget elementor-widget-heading\" data-id=\"8dab9fa\" data-element_type=\"widget\" data-widget_type=\"heading.default\">\n\t\t\t\t<div class=\"elementor-widget-container\">\n\t\t\t<style>\/*! elementor - v3.5.3 - 28-12-2021 *\/\n.elementor-heading-title{padding:0;margin:0;line-height:1}.elementor-widget-heading .elementor-heading-title[class*=elementor-size-]>a{color:inherit;font-size:inherit;line-height:inherit}.elementor-widget-heading .elementor-heading-title.elementor-size-small{font-size:15px}.elementor-widget-heading .elementor-heading-title.elementor-size-medium{font-size:19px}.elementor-widget-heading .elementor-heading-title.elementor-size-large{font-size:29px}.elementor-widget-heading .elementor-heading-title.elementor-size-xl{font-size:39px}.elementor-widget-heading .elementor-heading-title.elementor-size-xxl{font-size:59px}<\/style><h2 class=\"elementor-heading-title elementor-size-default\">Zainsteresowanie ofert\u0105 B1: Kompleksowa obs\u0142uga firm<\/h2>\t\t<\/div>\n\t\t\t\t<\/div>\n\t\t\t\t<div class=\"elementor-element elementor-element-541409e elementor-widget elementor-widget-wpforms\" data-id=\"541409e\" data-element_type=\"widget\" data-widget_type=\"wpforms.default\">\n\t\t\t\t<div class=\"elementor-widget-container\">\n\t\t\t<div class=\"wpforms-container wpforms-container-full\" id=\"wpforms-130\"><form id=\"wpforms-form-130\" class=\"wpforms-validate wpforms-form wpforms-ajax-form\" data-formid=\"130\" method=\"post\" enctype=\"multipart\/form-data\" action=\"\/index.php\/wp-json\/wp\/v2\/pages\/773\" data-token=\"41d42fd00bb72c84cd8ffee718ae620c\"><noscript class=\"wpforms-error-noscript\">Please enable JavaScript in your browser to complete this form.<\/noscript><div class=\"wpforms-field-container\"><div id=\"wpforms-130-field_0-container\" class=\"wpforms-field wpforms-field-name\" data-field-id=\"0\"><label class=\"wpforms-field-label\" for=\"wpforms-130-field_0\">Imi\u0119 i nazwisko <span class=\"wpforms-required-label\">*<\/span><\/label><input type=\"text\" id=\"wpforms-130-field_0\" class=\"wpforms-field-medium wpforms-field-required\" name=\"wpforms[fields][0]\" required><\/div><div id=\"wpforms-130-field_1-container\" class=\"wpforms-field wpforms-field-email\" data-field-id=\"1\"><label class=\"wpforms-field-label\" for=\"wpforms-130-field_1\">Email <span class=\"wpforms-required-label\">*<\/span><\/label><input type=\"email\" id=\"wpforms-130-field_1\" class=\"wpforms-field-medium wpforms-field-required\" name=\"wpforms[fields][1]\" required><\/div><div id=\"wpforms-130-field_5-container\" class=\"wpforms-field wpforms-field-number\" data-field-id=\"5\"><label class=\"wpforms-field-label\" for=\"wpforms-130-field_5\">Numer telefonu <span class=\"wpforms-required-label\">*<\/span><\/label><input type=\"number\" pattern=\"\\d*\" id=\"wpforms-130-field_5\" class=\"wpforms-field-medium wpforms-field-required\" name=\"wpforms[fields][5]\" required><\/div><div id=\"wpforms-130-field_2-container\" class=\"wpforms-field wpforms-field-textarea\" data-field-id=\"2\"><label class=\"wpforms-field-label\" for=\"wpforms-130-field_2\">Wiadomo\u015b\u0107 (opcjonalnie)<\/label><textarea id=\"wpforms-130-field_2\" class=\"wpforms-field-medium\" name=\"wpforms[fields][2]\" ><\/textarea><\/div><div id=\"wpforms-130-field_4-container\" class=\"wpforms-field wpforms-field-checkbox\" data-field-id=\"4\"><label class=\"wpforms-field-label\" for=\"wpforms-130-field_4\">Przetwarzanie danych osobowych <span class=\"wpforms-required-label\">*<\/span><\/label><ul id=\"wpforms-130-field_4\" class=\"wpforms-field-required\"><li class=\"choice-1 depth-1\"><input type=\"checkbox\" id=\"wpforms-130-field_4_1\" name=\"wpforms[fields][4][]\" value=\"Zapozna\u0142em si\u0119 i akceptuj\u0119 zasady przetwarzania danych osobowych\" required ><label class=\"wpforms-field-label-inline\" for=\"wpforms-130-field_4_1\">Zapozna\u0142em si\u0119 i akceptuj\u0119 zasady przetwarzania danych osobowych<\/label><\/li><\/ul><div class=\"wpforms-field-description wpforms-disclaimer-description\">Wype\u0142niaj\u0105c niniejszy formularz wyra\u017casz zgod\u0119 na przetwarzanie danych osobowych w celu \u015bwiadczenia us\u0142ug.<br \/>\r\n<br \/>\r\nKLAUZULA INFORMACYJNA <br \/>\r\nZgodnie z art. 13 Rozporz\u0105dzenia Parlamentu Europejskiego i Rady (UE) 2016\/679 z 27.04.2016 r. w sprawie ochrony os\u00f3b fizycznych w zwi\u0105zku z przetwarzaniem danych osobowych i w sprawie swobodnego przep\u0142ywu takich danych oraz uchylenia dyrektywy 95\/46\/WE (Dz. Urz. UE z 04.05.2016 r. L 119\/1) \u2013 dalej RODO \u2013 informujemy, \u017ce:  <br \/>\r\n<br \/>\r\nI. Administrator danych osobowych<br \/>\r\nAdministratorem Pani\/Pana danych osobowych jest firma Studio XL Adam Kalinowski z siedzib\u0105 ul. Watyka\u0144ska 3, 99-400 \u0141owicz, NIP 834-105-59-34, adres e-mail: biuro@studioxl.pl,  z kt\u00f3r\u0105 mo\u017cna si\u0119 skontaktowa\u0107 pod wskazanym adresem. <br \/>\r\n<br \/>\r\nII. Cele i podstawy prawne przetwarzania<br \/>\r\nDane osobowe b\u0119d\u0105 przetwarzane w nast\u0119puj\u0105cych celach:<br \/>\r\n\u2013 zwi\u0105zanych z realizacj\u0105 umowy\/us\u0142ug \u2013 art. 6 ust. 1 lit. b RODO,<br \/>\r\n\u2013 zrealizowania obowi\u0105zku prawnego zwi\u0105zanego z zawarciem umowy i wykonaniem us\u0142ug \u2013 art. 6 ust. 1 lit. c RODO,<br \/>\r\n\u2013 dochodzenia roszcze\u0144 lub obrony przed roszczeniami \u2013 art. 6 ust. 1 lit. f RODO,<br \/>\r\n\u2013 na podstawie wyra\u017conej zgody \u2013 art. 6 ust. 1 lit. a RODO.<br \/>\r\n<br \/>\r\nIII. Odbiorcy danych<br \/>\r\nPani\/Pana dane mog\u0105 by\u0107 przekazane jedynie: upowa\u017cnionym pracownikom Administratora; podmiotom zewn\u0119trznym \u015bwiadcz\u0105cym us\u0142ugi na rzecz Administratora, w szczeg\u00f3lno\u015bci: serwisowania oprogramowania, hostingu, kurierskie, windykacyjne, a tak\u017ce bankom i organom administracji publicznej.<br \/>\r\n<br \/>\r\nWi\u0119cej informacji o zasadach przetwarzania danych osobowych w zak\u0142adce RODO.<br \/>\r\n<\/div><\/div><\/div><div class=\"wpforms-submit-container\"><input type=\"hidden\" name=\"wpforms[id]\" value=\"130\"><input type=\"hidden\" name=\"wpforms[author]\" value=\"1\"><button type=\"submit\" name=\"wpforms[submit]\" id=\"wpforms-submit-130\" class=\"wpforms-submit\" data-alt-text=\"Wysy\u0142anie...\" data-submit-text=\"Wy\u015blij\" aria-live=\"assertive\" value=\"wpforms-submit\">Wy\u015blij<\/button><img decoding=\"async\" loading=\"lazy\" src=\"https:\/\/studioxl.pl\/wp-content\/plugins\/wpforms-lite\/assets\/images\/submit-spin.svg\" class=\"wpforms-submit-spinner\" style=\"display: none;\" width=\"26\" height=\"26\" alt=\"\"><\/div><\/form><\/div>  <!-- .wpforms-container -->\t\t<\/div>\n\t\t\t\t<\/div>\n\t\t\t\t\t<\/div>\n\t\t<\/div>\n\t\t\t\t\t\t\t<\/div>\n\t\t<\/section>\n\t\t\t\t\t\t<\/div>\n\t\t\t\t\t<\/div>\n\t\t","protected":false},"excerpt":{"rendered":"<p>Zainsteresowanie ofert\u0105 B1: Kompleksowa obs\u0142uga firm<\/p>\n","protected":false},"author":1,"featured_media":0,"parent":0,"menu_order":0,"comment_status":"closed","ping_status":"closed","template":"","meta":{"footnotes":""},"acf":[],"_links":{"self":[{"href":"https:\/\/studioxl.pl\/index.php\/wp-json\/wp\/v2\/pages\/773"}],"collection":[{"href":"https:\/\/studioxl.pl\/index.php\/wp-json\/wp\/v2\/pages"}],"about":[{"href":"https:\/\/studioxl.pl\/index.php\/wp-json\/wp\/v2\/types\/page"}],"author":[{"embeddable":true,"href":"https:\/\/studioxl.pl\/index.php\/wp-json\/wp\/v2\/users\/1"}],"replies":[{"embeddable":true,"href":"https:\/\/studioxl.pl\/index.php\/wp-json\/wp\/v2\/comments?post=773"}],"version-history":[{"count":23,"href":"https:\/\/studioxl.pl\/index.php\/wp-json\/wp\/v2\/pages\/773\/revisions"}],"predecessor-version":[{"id":1341,"href":"https:\/\/studioxl.pl\/index.php\/wp-json\/wp\/v2\/pages\/773\/revisions\/1341"}],"wp:attachment":[{"href":"https:\/\/studioxl.pl\/index.php\/wp-json\/wp\/v2\/media?parent=773"}],"curies":[{"name":"wp","href":"https:\/\/api.w.org\/{rel}","templated":true}]}}