{"id":915,"date":"2022-01-24T09:58:46","date_gmt":"2022-01-24T09:58:46","guid":{"rendered":"https:\/\/studioxl.pl\/?page_id=915"},"modified":"2023-03-12T17:30:52","modified_gmt":"2023-03-12T17:30:52","slug":"przetwarzanie-danych-osobowych","status":"publish","type":"page","link":"https:\/\/studioxl.pl\/index.php\/przetwarzanie-danych-osobowych\/","title":{"rendered":"PRZETWARZANIE DANYCH OSOBOWYCH"},"content":{"rendered":"\t\t<div data-elementor-type=\"wp-page\" data-elementor-id=\"915\" class=\"elementor elementor-915\" data-elementor-settings=\"[]\">\n\t\t\t\t\t\t\t<div class=\"elementor-section-wrap\">\n\t\t\t\t\t\t\t<section class=\"elementor-section elementor-top-section elementor-element elementor-element-d8fd075 elementor-section-boxed elementor-section-height-default elementor-section-height-default wpr-particle-no wpr-jarallax-no wpr-parallax-no wpr-sticky-section-no\" data-id=\"d8fd075\" data-element_type=\"section\">\n\t\t\t\t\t\t<div class=\"elementor-container elementor-column-gap-default\">\n\t\t\t\t\t<div class=\"elementor-column elementor-col-100 elementor-top-column elementor-element elementor-element-a0ac8ce\" data-id=\"a0ac8ce\" data-element_type=\"column\">\n\t\t\t<div class=\"elementor-widget-wrap elementor-element-populated\">\n\t\t\t\t\t\t\t\t<div class=\"elementor-element elementor-element-536e18b elementor-widget elementor-widget-text-editor\" data-id=\"536e18b\" data-element_type=\"widget\" data-widget_type=\"text-editor.default\">\n\t\t\t\t<div class=\"elementor-widget-container\">\n\t\t\t<style>\/*! elementor - v3.5.3 - 28-12-2021 *\/\n.elementor-widget-text-editor.elementor-drop-cap-view-stacked .elementor-drop-cap{background-color:#818a91;color:#fff}.elementor-widget-text-editor.elementor-drop-cap-view-framed .elementor-drop-cap{color:#818a91;border:3px solid;background-color:transparent}.elementor-widget-text-editor:not(.elementor-drop-cap-view-default) .elementor-drop-cap{margin-top:8px}.elementor-widget-text-editor:not(.elementor-drop-cap-view-default) .elementor-drop-cap-letter{width:1em;height:1em}.elementor-widget-text-editor .elementor-drop-cap{float:left;text-align:center;line-height:1;font-size:50px}.elementor-widget-text-editor .elementor-drop-cap-letter{display:inline-block}<\/style>\t\t\t\t<p><strong>Polityka prywatno\u015bci i wykorzystania cookies na stronie studioxl.pl <\/strong><\/p><p><strong>\u00a0<\/strong><\/p><p>Naszym celem jest zapewnienie Pa\u0144stwu poczucia bezpiecze\u0144stwa na naszej stronie, dlatego te\u017c przywi\u0105zujemy szczeg\u00f3ln\u0105 wag\u0119 do poszanowania prywatno\u015bci odwiedzaj\u0105cych stron\u0119 studioxl.pl<\/p><p>Poni\u017csza Polityka prywatno\u015bci ma na celu poinformowanie o sposobie wykorzystywania przez nas Pa\u0144stwa danych osobowych, wzgl\u0119dem kt\u00f3rych spe\u0142niamy wymogi Rozporz\u0105dzenia Parlamentu Europejskiego i Rady (UE) 2016\/679 UE z dnia 27 kwietnia 2016 r. w sprawie ochrony os\u00f3b fizycznych w zwi\u0105zku z przetwarzaniem danych osobowych i w sprawie swobodnego przep\u0142ywu takich danych oraz uchylenia dyrektywy 95\/46\/WE (og\u00f3lne rozporz\u0105dzenie o ochronie danych) (Dz. Urz. UE z 04.05.2016 r. L 119\/1) (dalej jako: &#8222;RODO&#8221;).<\/p><p>\u00a0<\/p><p><strong>Administrator danych osobowych<\/strong><\/p><p>Administratorem Pa\u0144stwa danych osobowych jest: StudioXL Adam Kalinowski z siedzib\u0105 ul. Watyka\u0144ska 3, 99-400 \u0141owicz, NIP 834-105-59-34, adres e-mail: <a href=\"mailto:biuro@studioxl.pl\">biuro@studioxl.pl<\/a>, z kt\u00f3rym mo\u017cna si\u0119 skontaktowa\u0107 pod wskazanym adresem.<\/p><p><strong>\u00a0<\/strong><\/p><p><strong>Cele i podstawy prawne przetwarzania<\/strong><\/p><p>Dane osobowe b\u0119d\u0105 przetwarzane w nast\u0119puj\u0105cych celach:<\/p><p>\u2013 wykonania umowy lub do podj\u0119cia dzia\u0142a\u0144 przed jej zawarciem \u2013 art. 6 ust. 1 lit. b RODO,<\/p><p>\u2013 zrealizowania obowi\u0105zku prawnego zwi\u0105zanego z zawarciem umowy i wykonaniem us\u0142ugi szkolenia art. 6 ust. 1 lit. c RODO,<\/p><p>\u2013 dochodzenia roszcze\u0144 lub obrony przed roszczeniami \u2013 art. 6 ust. 1 lit. f RODO,<\/p><p>\u2013 odpowiedzi na zapytanie skierowane poprzez formularz i poczt\u0119 elektroniczn\u0105 na\u00a0podstawie wyra\u017conej zgody \u2013 art. 6 ust. 1 lit. a\u00a0RODO.<\/p><p><strong>\u00a0<\/strong><\/p><p><strong>Odbiorcy danych<\/strong><\/p><p>Dane mog\u0105 by\u0107 przekazane podmiotom przetwarzaj\u0105cym je na podstawie um\u00f3w zawartych z Administratorem, ale tylko w celu i zakresie niezb\u0119dnym dla realizacji ww. cel\u00f3w, w tym m.in. podmiotom \u015bwiadcz\u0105cym na nasz\u0105 rzecz us\u0142ugi IT lub inne us\u0142ugi zapewniaj\u0105ce prawid\u0142owe funkcjonowanie strony, przy czym takie podmioty przetwarzaj\u0105 dane wy\u0142\u0105cznie zgodnie z poleceniami Administratora. Dane mog\u0105 by\u0107 udost\u0119pniane instytucjom pa\u0144stwowym upowa\u017cnionym do dzia\u0142a\u0144 kontrolnych z mocy prawa.<\/p><p>\u00a0<\/p><p><strong>Przekazywanie danych do pa\u0144stwa trzeciego\/organizacji mi\u0119dzynarodowej<\/strong><\/p><p>Administrator danych nie przekazuje danych osobowych do pa\u0144stwa trzeciego lub organizacji mi\u0119dzynarodowej.<\/p><p><strong>\u00a0<\/strong><\/p><p><strong>Okres przechowywania danych<\/strong><\/p><p>Dane osobowe b\u0119d\u0105 przetwarzane wy\u0142\u0105cznie przez okres i w zakresie niezb\u0119dnym do realizacji celu przetwarzania.<\/p><p>\u00a0<\/p><p><strong>Prawa dotycz\u0105ce przetwarzania danych osobowych<\/strong><\/p><p>Przys\u0142uguje Pa\u0144stwu prawo dost\u0119pu do tre\u015bci swoich danych oraz prawo ich sprostowania, usuni\u0119cia, lub ograniczenia przetwarzania oraz prawo do przenoszenia danych, prawo wniesienia sprzeciwu wobec przetwarzania.<\/p><p><strong>\u00a0<\/strong><\/p><p><strong>Informacja o prawie wniesienia skargi<\/strong><\/p><p>Przys\u0142uguje Pa\u0144stwu prawo wniesienia skargi do Prezesa Urz\u0119du Ochrony Danych Osobowych, gdy uznaj\u0105 Pa\u0144stwo, i\u017c przetwarzanie Pa\u0144stwa danych osobowych narusza przepisy RODO.<\/p><p><strong>\u00a0<\/strong><\/p><p><strong>Informacja o wymogu podania danych<\/strong><\/p><p>Podanie danych jest wymogiem ustawowym niezb\u0119dnym do wykonania us\u0142ugi szkolenia i wystawienia \u201eZa\u015bwiadczenia\u00a0 o uko\u0144czeniu szkolenia\u201d.<\/p><p>\u00a0<\/p><p><strong>Informacja o zautomatyzowanym podejmowaniu decyzji<\/strong><\/p><p>Pa\u0144stwa dane nie b\u0119d\u0105 poddawane zautomatyzowanemu procesowi podejmowania decyzji, w tym r\u00f3wnie\u017c profilowaniu.<\/p><p>\u00a0<\/p><p><strong>Informacja o planowanym dalszym przetwarzaniu danych<\/strong><\/p><p>Administrator nie planuje przetwarzania Pa\u0144stwa danych osobowych w celu innym ni\u017c wskazany w przedmiotowej polityce.<\/p><p>\u00a0<\/p><p><strong>Zabezpieczenia danych osobowych<\/strong><\/p><p>Administrator wdro\u017cy\u0142 zabezpieczenia organizacyjne i techniczne w celu ochrony Pa\u0144stwa danych. Stosuje zabezpieczenia informatyczne zgodne z przepisami prawa.<\/p><p>\u00a0<\/p><p><strong>Gromadzenie danych na stronie <\/strong><\/p><p>Gromadzone w\u00a0dziennikach log\u00f3w dane s\u0105 wykorzystywane tylko i\u00a0wy\u0142\u0105cznie do cel\u00f3w administrowania stron\u0105. Studio XL nie gromadzi, nie\u00a0identyfikuje u\u017cytkownik\u00f3w strony. \u017badne dane identyfikacyjne, do \u017cadnych cel\u00f3w, nie s\u0105 przekazywane do jakiejkolwiek trzeciej strony.<\/p><p>Zgodnie z\u00a0przyj\u0119t\u0105 praktyk\u0105 wi\u0119kszo\u015bci serwis\u00f3w WWW, przechowujemy zapytania HTTP kierowane do naszego serwera. Przegl\u0105dane zasoby identyfikowane s\u0105 poprzez adresy URL.\u00a0 Dok\u0142adny wykaz informacji przechowywanych w\u00a0plikach log\u00f3w serwera WWW jest nast\u0119puj\u0105cy:<\/p><ul><li>publiczny adres IP komputera, z kt\u00f3rego nadesz\u0142o zapytanie (mo\u017ce to by\u0107 bezpo\u015brednio komputer u\u017cytkownika),<\/li><li>nazw\u0119 stacji klienta &#8211; identyfikacja realizowana przez protok\u00f3\u0142 HTTP, o ile jest mo\u017cliwa,<\/li><li>nazwa u\u017cytkownika podawana w\u00a0procesie autoryzacji,<\/li><li>czas nadej\u015bcia zapytania,<\/li><li>pierwszy wiersz \u017c\u0105dania HTTP,<\/li><li>kod odpowiedzi HTTP,<\/li><li>liczb\u0119 wys\u0142anych przez serwer bajt\u00f3w,<\/li><li>adres URL strony poprzednio odwiedzanej przez u\u017cytkownika (referer link) &#8211; w przypadku gdy przej\u015bcie do strony studioxl.pl nast\u0105pi\u0142o przez odno\u015bnik,<\/li><li>informacje o\u00a0przegl\u0105darce u\u017cytkownika,<\/li><li>informacje o\u00a0b\u0142\u0119dach, jakie nast\u0105pi\u0142y przy realizacji transakcji HTTP.<\/li><\/ul><p>Dane nie s\u0105 kojarzone z\u00a0konkretnymi osobami przegl\u0105daj\u0105cymi stron\u0119. Dla zapewnienia jak najwy\u017cszej jako\u015bci strony, okazjonalnie analizujemy pliki z\u00a0logami w\u00a0celu okre\u015blenia: kt\u00f3re strony odwiedzane s\u0105 najcz\u0119\u015bciej, jakie przegl\u0105darki stron WWW s\u0105 stosowane, czy struktura strony nie zawiera b\u0142\u0119d\u00f3w itp.<\/p><p>\u00a0<\/p><p><strong>Wykorzystywanie danych<\/strong><\/p><p>Zebrane logi przechowywane s\u0105 przez czas nieokre\u015blony, jako materia\u0142 pomocniczy s\u0142u\u017c\u0105cy do administrowania stron\u0105. Informacje w nich zawarte nie s\u0105 ujawniane nikomu poza osobami upowa\u017cnionymi do administrowania strony. Na podstawie plik\u00f3w log\u00f3w mog\u0105 by\u0107 generowane statystyki stanowi\u0105ce pomoc w administrowaniu. Zbiorcze podsumowania w postaci takich statystyk nie zawieraj\u0105 \u017cadnych cech identyfikuj\u0105cych osoby odwiedzaj\u0105ce serwis.<\/p><p>\u00a0<\/p><p><strong>Pliki cookies na stronach internetowych <\/strong><\/p><p>Mechanizm cookies nie jest wykorzystywany do pozyskiwania jakichkolwiek informacji o\u00a0u\u017cytkownikach serwisu ani \u015bledzenia ich nawigacji. Pliki cookies stosowane na stronie nie przechowuj\u0105 \u017cadnych danych osobowych ani innych informacji zebranych od u\u017cytkownik\u00f3w.<\/p><p>Na stronie studioxl.pl okresowo mo\u017ce by\u0107 wykorzystywany sesyjny plik cookie o\u00a0nazwie Info &#8211; do zapisania faktu zapoznania si\u0119 z\u00a0wyr\u00f3\u017cnionymi informacjami. Plik cookie jest tworzony w\u00a0celu ograniczania ilo\u015bci emisji okresowo pojawiaj\u0105cych si\u0119 og\u0142osze\u0144. Dzi\u0119ki zastosowaniu pliku cookie informacja wy\u015bwietla si\u0119 tylko raz dla jednej sesji u\u017cytkownika i\u00a0nie ukazuje si\u0119 ponownie po przej\u015bciu na kolejn\u0105 stron\u0119 serwisu. Wymieniony wy\u017cej sesyjny plik cookie, je\u015bli jest tworzony, to wyst\u0119puje w\u00a0okre\u015blonym czasie, i\u00a0tylko przez czas, w\u00a0jakim strona jest odwiedzana przez u\u017cytkownika. Zamkni\u0119cie okna przegl\u0105darki ze stron\u0105 studioxl.pl powoduje usuni\u0119cie utworzonego pliku.<\/p><p>\u00a0<\/p><p><strong>Zmiany<\/strong><\/p><p>W celu zapewnienia, aby Polityka prywatno\u015bci strony spe\u0142nia\u0142a aktualne wymogi przewidziane w przepisach prawa, zastrzegamy sobie prawo zmiany obowi\u0105zuj\u0105cej polityki prywatno\u015bci w dowolnym czasie. Powy\u017csze ma r\u00f3wnie\u017c zastosowanie w przypadkach, gdy Polityka prywatno\u015bci wymaga zmian w celu obj\u0119cia ni\u0105 nowych lub zmienionych produkt\u00f3w lub us\u0142ug strony.<\/p><h2>\u00a0<\/h2>\t\t\t\t\t\t<\/div>\n\t\t\t\t<\/div>\n\t\t\t\t\t<\/div>\n\t\t<\/div>\n\t\t\t\t\t\t\t<\/div>\n\t\t<\/section>\n\t\t\t\t\t\t<\/div>\n\t\t\t\t\t<\/div>\n\t\t","protected":false},"excerpt":{"rendered":"<p>Polityka prywatno\u015bci i wykorzystania cookies na stronie studioxl.pl \u00a0 Naszym celem jest zapewnienie Pa\u0144stwu poczucia bezpiecze\u0144stwa na naszej stronie, dlatego te\u017c przywi\u0105zujemy szczeg\u00f3ln\u0105 wag\u0119 do poszanowania prywatno\u015bci odwiedzaj\u0105cych stron\u0119 studioxl.pl Poni\u017csza Polityka prywatno\u015bci ma na celu poinformowanie o sposobie wykorzystywania przez nas Pa\u0144stwa danych osobowych, wzgl\u0119dem kt\u00f3rych spe\u0142niamy wymogi Rozporz\u0105dzenia Parlamentu Europejskiego i Rady (UE) 2016\/679 UE z dnia 27 kwietnia 2016 r. w sprawie ochrony os\u00f3b fizycznych w zwi\u0105zku z przetwarzaniem danych osobowych i w sprawie swobodnego przep\u0142ywu takich danych oraz uchylenia dyrektywy 95\/46\/WE (og\u00f3lne rozporz\u0105dzenie o ochronie danych) (Dz. Urz. UE z 04.05.2016 r. L 119\/1) (dalej jako: &#8222;RODO&#8221;). \u00a0 Administrator danych osobowych Administratorem Pa\u0144stwa danych osobowych jest: StudioXL Adam Kalinowski z siedzib\u0105 ul. Watyka\u0144ska 3, 99-400 \u0141owicz, NIP 834-105-59-34, adres e-mail: biuro@studioxl.pl, z kt\u00f3rym mo\u017cna si\u0119 skontaktowa\u0107 pod wskazanym adresem. \u00a0 Cele i podstawy prawne przetwarzania Dane osobowe b\u0119d\u0105 przetwarzane w nast\u0119puj\u0105cych celach: \u2013 wykonania umowy lub do podj\u0119cia dzia\u0142a\u0144 przed jej zawarciem \u2013 art. 6 ust. 1 lit. b RODO, \u2013 zrealizowania obowi\u0105zku prawnego zwi\u0105zanego z zawarciem umowy i wykonaniem us\u0142ugi szkolenia art. 6 ust. 1 lit. c RODO, \u2013 dochodzenia roszcze\u0144 lub obrony przed roszczeniami \u2013 art. 6 ust. 1 lit. f RODO, \u2013 odpowiedzi na zapytanie skierowane poprzez formularz i poczt\u0119 elektroniczn\u0105 na\u00a0podstawie wyra\u017conej zgody \u2013 art. 6 ust. 1 lit. a\u00a0RODO. \u00a0 Odbiorcy danych Dane mog\u0105 by\u0107 przekazane podmiotom przetwarzaj\u0105cym je na podstawie um\u00f3w zawartych z Administratorem, ale tylko w celu i zakresie niezb\u0119dnym dla realizacji ww. cel\u00f3w, w tym m.in. podmiotom \u015bwiadcz\u0105cym na nasz\u0105 rzecz us\u0142ugi IT lub inne us\u0142ugi zapewniaj\u0105ce prawid\u0142owe funkcjonowanie strony, przy czym takie podmioty przetwarzaj\u0105 dane wy\u0142\u0105cznie zgodnie z poleceniami Administratora. Dane mog\u0105 by\u0107 udost\u0119pniane instytucjom pa\u0144stwowym upowa\u017cnionym do dzia\u0142a\u0144 kontrolnych z mocy prawa. \u00a0 Przekazywanie danych do pa\u0144stwa trzeciego\/organizacji mi\u0119dzynarodowej Administrator danych nie przekazuje danych osobowych do pa\u0144stwa trzeciego lub organizacji mi\u0119dzynarodowej. \u00a0 Okres przechowywania danych Dane osobowe b\u0119d\u0105 przetwarzane wy\u0142\u0105cznie przez okres i w zakresie niezb\u0119dnym do realizacji celu przetwarzania. \u00a0 Prawa dotycz\u0105ce przetwarzania danych osobowych Przys\u0142uguje Pa\u0144stwu prawo dost\u0119pu do tre\u015bci swoich danych oraz prawo ich sprostowania, usuni\u0119cia, lub ograniczenia przetwarzania oraz prawo do przenoszenia danych, prawo wniesienia sprzeciwu wobec przetwarzania. \u00a0 Informacja o prawie wniesienia skargi Przys\u0142uguje Pa\u0144stwu prawo wniesienia skargi do Prezesa Urz\u0119du Ochrony Danych Osobowych, gdy uznaj\u0105 Pa\u0144stwo, i\u017c przetwarzanie Pa\u0144stwa danych osobowych narusza przepisy RODO. \u00a0 Informacja o wymogu podania danych Podanie danych jest wymogiem ustawowym niezb\u0119dnym do wykonania us\u0142ugi szkolenia i wystawienia \u201eZa\u015bwiadczenia\u00a0 o uko\u0144czeniu szkolenia\u201d. \u00a0 Informacja o zautomatyzowanym podejmowaniu decyzji Pa\u0144stwa dane nie b\u0119d\u0105 poddawane zautomatyzowanemu procesowi podejmowania decyzji, w tym r\u00f3wnie\u017c profilowaniu. \u00a0 Informacja o planowanym dalszym przetwarzaniu danych Administrator nie planuje przetwarzania Pa\u0144stwa danych osobowych w celu innym ni\u017c wskazany w przedmiotowej polityce. \u00a0 Zabezpieczenia danych osobowych Administrator wdro\u017cy\u0142 zabezpieczenia organizacyjne i techniczne w celu ochrony Pa\u0144stwa danych. Stosuje zabezpieczenia informatyczne zgodne z przepisami prawa. \u00a0 Gromadzenie danych na stronie Gromadzone w\u00a0dziennikach log\u00f3w dane s\u0105 wykorzystywane tylko i\u00a0wy\u0142\u0105cznie do cel\u00f3w administrowania stron\u0105. Studio XL nie gromadzi, nie\u00a0identyfikuje u\u017cytkownik\u00f3w strony. \u017badne dane identyfikacyjne, do \u017cadnych cel\u00f3w, nie s\u0105 przekazywane do jakiejkolwiek trzeciej strony. Zgodnie z\u00a0przyj\u0119t\u0105 praktyk\u0105 wi\u0119kszo\u015bci serwis\u00f3w WWW, przechowujemy zapytania HTTP kierowane do naszego serwera. Przegl\u0105dane zasoby identyfikowane s\u0105 poprzez adresy URL.\u00a0 Dok\u0142adny wykaz informacji przechowywanych w\u00a0plikach log\u00f3w serwera WWW jest nast\u0119puj\u0105cy: publiczny adres IP komputera, z kt\u00f3rego nadesz\u0142o zapytanie (mo\u017ce to by\u0107 bezpo\u015brednio komputer u\u017cytkownika), nazw\u0119 stacji klienta &#8211; identyfikacja realizowana przez protok\u00f3\u0142 HTTP, o ile jest mo\u017cliwa, nazwa u\u017cytkownika podawana w\u00a0procesie autoryzacji, czas nadej\u015bcia zapytania, pierwszy wiersz \u017c\u0105dania HTTP, kod odpowiedzi HTTP, liczb\u0119 wys\u0142anych przez serwer bajt\u00f3w, adres URL strony poprzednio odwiedzanej przez u\u017cytkownika (referer link) &#8211; w przypadku gdy przej\u015bcie do strony studioxl.pl nast\u0105pi\u0142o przez odno\u015bnik, informacje o\u00a0przegl\u0105darce u\u017cytkownika, informacje o\u00a0b\u0142\u0119dach, jakie nast\u0105pi\u0142y przy realizacji transakcji HTTP. Dane nie s\u0105 kojarzone z\u00a0konkretnymi osobami przegl\u0105daj\u0105cymi stron\u0119. Dla zapewnienia jak najwy\u017cszej jako\u015bci strony, okazjonalnie analizujemy pliki z\u00a0logami w\u00a0celu okre\u015blenia: kt\u00f3re strony odwiedzane s\u0105 najcz\u0119\u015bciej, jakie przegl\u0105darki stron WWW s\u0105 stosowane, czy struktura strony nie zawiera b\u0142\u0119d\u00f3w itp. \u00a0 Wykorzystywanie danych Zebrane logi przechowywane s\u0105 przez czas nieokre\u015blony, jako materia\u0142 pomocniczy s\u0142u\u017c\u0105cy do administrowania stron\u0105. Informacje w nich zawarte nie s\u0105 ujawniane nikomu poza osobami upowa\u017cnionymi do administrowania strony. Na podstawie plik\u00f3w log\u00f3w mog\u0105 by\u0107 generowane statystyki stanowi\u0105ce pomoc w administrowaniu. Zbiorcze podsumowania w postaci takich statystyk nie zawieraj\u0105 \u017cadnych cech identyfikuj\u0105cych osoby odwiedzaj\u0105ce serwis. \u00a0 Pliki cookies na stronach internetowych Mechanizm cookies nie jest wykorzystywany do pozyskiwania jakichkolwiek informacji o\u00a0u\u017cytkownikach serwisu ani \u015bledzenia ich nawigacji. Pliki cookies stosowane na stronie nie przechowuj\u0105 \u017cadnych danych osobowych ani innych informacji zebranych od u\u017cytkownik\u00f3w. Na stronie studioxl.pl okresowo mo\u017ce by\u0107 wykorzystywany sesyjny plik cookie o\u00a0nazwie Info &#8211; do zapisania faktu zapoznania si\u0119 z\u00a0wyr\u00f3\u017cnionymi informacjami. Plik cookie jest tworzony w\u00a0celu ograniczania ilo\u015bci emisji okresowo pojawiaj\u0105cych si\u0119 og\u0142osze\u0144. Dzi\u0119ki zastosowaniu pliku cookie informacja wy\u015bwietla si\u0119 tylko raz dla jednej sesji u\u017cytkownika i\u00a0nie ukazuje si\u0119 ponownie po przej\u015bciu na kolejn\u0105 stron\u0119 serwisu. Wymieniony wy\u017cej sesyjny plik cookie, je\u015bli jest tworzony, to wyst\u0119puje w\u00a0okre\u015blonym czasie, i\u00a0tylko przez czas, w\u00a0jakim strona jest odwiedzana przez u\u017cytkownika. Zamkni\u0119cie okna przegl\u0105darki ze stron\u0105 studioxl.pl powoduje usuni\u0119cie utworzonego pliku. \u00a0 Zmiany W celu zapewnienia, aby Polityka prywatno\u015bci strony spe\u0142nia\u0142a aktualne wymogi przewidziane w przepisach prawa, zastrzegamy sobie prawo zmiany obowi\u0105zuj\u0105cej polityki prywatno\u015bci w dowolnym czasie. Powy\u017csze ma r\u00f3wnie\u017c zastosowanie w przypadkach, gdy Polityka prywatno\u015bci wymaga zmian w celu obj\u0119cia ni\u0105 nowych lub zmienionych produkt\u00f3w lub us\u0142ug strony. \u00a0<\/p>\n","protected":false},"author":1,"featured_media":0,"parent":0,"menu_order":0,"comment_status":"closed","ping_status":"closed","template":"","meta":{"footnotes":""},"acf":[],"_links":{"self":[{"href":"https:\/\/studioxl.pl\/index.php\/wp-json\/wp\/v2\/pages\/915"}],"collection":[{"href":"https:\/\/studioxl.pl\/index.php\/wp-json\/wp\/v2\/pages"}],"about":[{"href":"https:\/\/studioxl.pl\/index.php\/wp-json\/wp\/v2\/types\/page"}],"author":[{"embeddable":true,"href":"https:\/\/studioxl.pl\/index.php\/wp-json\/wp\/v2\/users\/1"}],"replies":[{"embeddable":true,"href":"https:\/\/studioxl.pl\/index.php\/wp-json\/wp\/v2\/comments?post=915"}],"version-history":[{"count":20,"href":"https:\/\/studioxl.pl\/index.php\/wp-json\/wp\/v2\/pages\/915\/revisions"}],"predecessor-version":[{"id":1513,"href":"https:\/\/studioxl.pl\/index.php\/wp-json\/wp\/v2\/pages\/915\/revisions\/1513"}],"wp:attachment":[{"href":"https:\/\/studioxl.pl\/index.php\/wp-json\/wp\/v2\/media?parent=915"}],"curies":[{"name":"wp","href":"https:\/\/api.w.org\/{rel}","templated":true}]}}